{"id":846,"date":"2024-12-22T10:18:50","date_gmt":"2024-12-22T09:18:50","guid":{"rendered":"https:\/\/viwatec.de\/?page_id=846"},"modified":"2025-10-08T11:35:58","modified_gmt":"2025-10-08T09:35:58","slug":"home","status":"publish","type":"page","link":"https:\/\/viwatec.de\/en\/","title":{"rendered":"Home"},"content":{"rendered":"<div data-elementor-type=\"wp-page\" data-elementor-id=\"846\" class=\"elementor elementor-846\" data-elementor-post-type=\"page\">\n\t\t\t\t<div class=\"elementor-element elementor-element-241753a e-con-full e-flex e-con e-parent\" data-id=\"241753a\" data-element_type=\"container\" data-e-type=\"container\" data-settings=\"{&quot;background_background&quot;:&quot;classic&quot;}\">\n\t\t<div class=\"elementor-element elementor-element-fde51e4 e-con-full e-flex e-con e-child\" data-id=\"fde51e4\" data-element_type=\"container\" data-e-type=\"container\" data-settings=\"{&quot;background_background&quot;:&quot;classic&quot;}\">\n\t\t<div class=\"elementor-element elementor-element-14187c0 e-grid e-con-full e-con e-child\" data-id=\"14187c0\" data-element_type=\"container\" data-e-type=\"container\">\n\t\t\t\t<div class=\"elementor-element elementor-element-658b47b elementor-widget elementor-widget-image\" data-id=\"658b47b\" data-element_type=\"widget\" data-e-type=\"widget\" data-widget_type=\"image.default\">\n\t\t\t\t<div class=\"elementor-widget-container\">\n\t\t\t\t\t\t\t\t\t\t\t\t<figure class=\"wp-caption\">\n\t\t\t\t\t\t\t\t\t\t\t<a href=\"https:\/\/viwatec.de\/en\/lcd-69-83-video-poster\/\">\n\t\t\t\t\t\t\t<img fetchpriority=\"high\" decoding=\"async\" width=\"268\" height=\"442\" src=\"https:\/\/viwatec.de\/wp-content\/uploads\/2025\/01\/69inch-poster-3-frei-1.png\" class=\"attachment-full size-full wp-image-1506\" alt=\"\" srcset=\"https:\/\/viwatec.de\/wp-content\/uploads\/2025\/01\/69inch-poster-3-frei-1.png 268w, https:\/\/viwatec.de\/wp-content\/uploads\/2025\/01\/69inch-poster-3-frei-1-182x300.png 182w, https:\/\/viwatec.de\/wp-content\/uploads\/2025\/01\/69inch-poster-3-frei-1-7x12.png 7w\" sizes=\"(max-width: 268px) 100vw, 268px\" \/>\t\t\t\t\t\t\t\t<\/a>\n\t\t\t\t\t\t\t\t\t\t\t<figcaption class=\"widget-image-caption wp-caption-text\">Indoor Standdisplays<\/figcaption>\n\t\t\t\t\t\t\t\t\t\t<\/figure>\n\t\t\t\t\t\t\t\t\t<\/div>\n\t\t\t\t<\/div>\n\t\t\t\t<div class=\"elementor-element elementor-element-3fc4da2 elementor-widget elementor-widget-image\" data-id=\"3fc4da2\" data-element_type=\"widget\" data-e-type=\"widget\" data-widget_type=\"image.default\">\n\t\t\t\t<div class=\"elementor-widget-container\">\n\t\t\t\t\t\t\t\t\t\t\t\t<figure class=\"wp-caption\">\n\t\t\t\t\t\t\t\t\t\t\t<a href=\"https:\/\/viwatec.de\/en\/viwatec-secure\/\">\n\t\t\t\t\t\t\t<img decoding=\"async\" width=\"1000\" height=\"890\" src=\"https:\/\/viwatec.de\/wp-content\/uploads\/2025\/02\/ViWaTEC-Secure-scaled-e1738616281860.jpg\" class=\"attachment-full size-full wp-image-1624\" alt=\"\" srcset=\"https:\/\/viwatec.de\/wp-content\/uploads\/2025\/02\/ViWaTEC-Secure-scaled-e1738616281860.jpg 1000w, https:\/\/viwatec.de\/wp-content\/uploads\/2025\/02\/ViWaTEC-Secure-scaled-e1738616281860-600x534.jpg 600w\" sizes=\"(max-width: 1000px) 100vw, 1000px\" \/>\t\t\t\t\t\t\t\t<\/a>\n\t\t\t\t\t\t\t\t\t\t\t<figcaption class=\"widget-image-caption wp-caption-text\">Secure Media<\/figcaption>\n\t\t\t\t\t\t\t\t\t\t<\/figure>\n\t\t\t\t\t\t\t\t\t<\/div>\n\t\t\t\t<\/div>\n\t\t\t\t<div class=\"elementor-element elementor-element-608df4e elementor-widget elementor-widget-image\" data-id=\"608df4e\" data-element_type=\"widget\" data-e-type=\"widget\" data-widget_type=\"image.default\">\n\t\t\t\t<div class=\"elementor-widget-container\">\n\t\t\t\t\t\t\t\t\t\t\t\t<figure class=\"wp-caption\">\n\t\t\t\t\t\t\t\t\t\t\t<a href=\"https:\/\/viwatec.de\/en\/led-technologie\/\">\n\t\t\t\t\t\t\t<img decoding=\"async\" width=\"461\" height=\"1000\" src=\"https:\/\/viwatec.de\/wp-content\/uploads\/2025\/02\/LED-Rental-frei-e1738405844152.png\" class=\"attachment-full size-full wp-image-1525\" alt=\"\" \/>\t\t\t\t\t\t\t\t<\/a>\n\t\t\t\t\t\t\t\t\t\t\t<figcaption class=\"widget-image-caption wp-caption-text\">LED Technik<\/figcaption>\n\t\t\t\t\t\t\t\t\t\t<\/figure>\n\t\t\t\t\t\t\t\t\t<\/div>\n\t\t\t\t<\/div>\n\t\t\t\t<\/div>\n\t\t\t\t<\/div>\n\t\t\t\t<\/div>\n\t\t<div class=\"elementor-element elementor-element-db26b3b e-flex e-con-boxed e-con e-parent\" data-id=\"db26b3b\" data-element_type=\"container\" data-e-type=\"container\">\n\t\t\t\t\t<div class=\"e-con-inner\">\n\t\t<div class=\"elementor-element elementor-element-ea9d9d9 e-con-full e-flex e-con e-child\" data-id=\"ea9d9d9\" data-element_type=\"container\" data-e-type=\"container\">\n\t\t\t\t<div class=\"elementor-element elementor-element-11c9473 elementor-widget elementor-widget-text-editor\" data-id=\"11c9473\" data-element_type=\"widget\" data-e-type=\"widget\" data-widget_type=\"text-editor.default\">\n\t\t\t\t<div class=\"elementor-widget-container\">\n\t\t\t\t\t\t\t\t\t<h3><b>ViWaTEC ist spezialisiert auf LED und LCD Video Technik im Indoor und Outdoor Betrieb<\/b>.<\/h3><p>Hierzu bietet ViWaTEC eine Vielzahl von L\u00f6sungen an.<\/p><p>Unter anderem f\u00fcr:<\/p><ul><li>Ausstellungs- und Gesch\u00e4ftsr\u00e4ume, Einzelhandel und Filialen.<\/li><li>Konferenzr\u00e4ume, S\u00e4le und Meetingr\u00e4ume.<\/li><li>Veranstaltungstechnik Indoor und Outdoor.<\/li><li>Messe und B\u00fchnenbau.<\/li><li>In- und Outdoor LED und LCD Werbeleinw\u00e4nde.<\/li><li>Kinosysteme<\/li><li>Industrielle L\u00f6sungen<\/li><\/ul><p>Wir bieten innovative L\u00f6sungen f\u00fcr den deutschsprachigen und europ\u00e4ischen Markt mit Fokus auf Qualit\u00e4t und Service.<\/p><p><b>Kundenspezifische L\u00f6sungen:<\/b><\/p><p>ViWaTEC bietet das Engineering, CAD Design, Musterbau bis zur Serienproduktion von Kundenspezifischen LED und LCD L\u00f6sungen.<\/p>\t\t\t\t\t\t\t\t<\/div>\n\t\t\t\t<\/div>\n\t\t\t\t<\/div>\n\t\t<div class=\"elementor-element elementor-element-2a38232 e-con-full e-flex e-con e-child\" data-id=\"2a38232\" data-element_type=\"container\" data-e-type=\"container\">\n\t\t\t\t<div class=\"elementor-element elementor-element-4e79ffa elementor-widget elementor-widget-image\" data-id=\"4e79ffa\" data-element_type=\"widget\" data-e-type=\"widget\" data-widget_type=\"image.default\">\n\t\t\t\t<div class=\"elementor-widget-container\">\n\t\t\t\t\t\t\t\t\t\t\t\t\t\t\t<img loading=\"lazy\" decoding=\"async\" width=\"1920\" height=\"1280\" src=\"https:\/\/viwatec.de\/wp-content\/uploads\/2024\/12\/viwatec_743607253.jpg\" class=\"attachment-full size-full wp-image-1041\" alt=\"\" srcset=\"https:\/\/viwatec.de\/wp-content\/uploads\/2024\/12\/viwatec_743607253.jpg 1920w, https:\/\/viwatec.de\/wp-content\/uploads\/2024\/12\/viwatec_743607253-600x400.jpg 600w, https:\/\/viwatec.de\/wp-content\/uploads\/2024\/12\/viwatec_743607253-300x200.jpg 300w, https:\/\/viwatec.de\/wp-content\/uploads\/2024\/12\/viwatec_743607253-1024x683.jpg 1024w, https:\/\/viwatec.de\/wp-content\/uploads\/2024\/12\/viwatec_743607253-768x512.jpg 768w, https:\/\/viwatec.de\/wp-content\/uploads\/2024\/12\/viwatec_743607253-1536x1024.jpg 1536w, https:\/\/viwatec.de\/wp-content\/uploads\/2024\/12\/viwatec_743607253-18x12.jpg 18w\" sizes=\"(max-width: 1920px) 100vw, 1920px\" \/>\t\t\t\t\t\t\t\t\t\t\t\t\t\t\t<\/div>\n\t\t\t\t<\/div>\n\t\t\t\t<\/div>\n\t\t\t\t\t<\/div>\n\t\t\t\t<\/div>\n\t\t\t\t<\/div>","protected":false},"excerpt":{"rendered":"<p>Indoor Standdisplays Secure Media LED Technik ViWaTEC ist spezialisiert auf LED und LCD Video Technik im Indoor und Outdoor Betrieb. Hierzu bietet ViWaTEC eine Vielzahl von L\u00f6sungen an. Unter anderem f\u00fcr: Ausstellungs- und Gesch\u00e4ftsr\u00e4ume, Einzelhandel und Filialen. Konferenzr\u00e4ume, S\u00e4le und Meetingr\u00e4ume. Veranstaltungstechnik Indoor und Outdoor. Messe und B\u00fchnenbau. In- und Outdoor LED und LCD Werbeleinw\u00e4nde. [&hellip;]<\/p>\n","protected":false},"author":1,"featured_media":0,"parent":0,"menu_order":0,"comment_status":"closed","ping_status":"closed","template":"","meta":{"footnotes":""},"class_list":["post-846","page","type-page","status-publish","hentry"],"_links":{"self":[{"href":"https:\/\/viwatec.de\/en\/wp-json\/wp\/v2\/pages\/846","targetHints":{"allow":["GET"]}}],"collection":[{"href":"https:\/\/viwatec.de\/en\/wp-json\/wp\/v2\/pages"}],"about":[{"href":"https:\/\/viwatec.de\/en\/wp-json\/wp\/v2\/types\/page"}],"author":[{"embeddable":true,"href":"https:\/\/viwatec.de\/en\/wp-json\/wp\/v2\/users\/1"}],"replies":[{"embeddable":true,"href":"https:\/\/viwatec.de\/en\/wp-json\/wp\/v2\/comments?post=846"}],"version-history":[{"count":332,"href":"https:\/\/viwatec.de\/en\/wp-json\/wp\/v2\/pages\/846\/revisions"}],"predecessor-version":[{"id":2117,"href":"https:\/\/viwatec.de\/en\/wp-json\/wp\/v2\/pages\/846\/revisions\/2117"}],"wp:attachment":[{"href":"https:\/\/viwatec.de\/en\/wp-json\/wp\/v2\/media?parent=846"}],"curies":[{"name":"wp","href":"https:\/\/api.w.org\/{rel}","templated":true}]}}