{"id":1120,"date":"2025-01-17T09:50:54","date_gmt":"2025-01-17T08:50:54","guid":{"rendered":"https:\/\/viwatec.de\/?page_id=1120"},"modified":"2025-10-06T12:26:05","modified_gmt":"2025-10-06T10:26:05","slug":"lcd-69-83-video-poster","status":"publish","type":"page","link":"https:\/\/viwatec.de\/en\/lcd-69-83-video-poster\/","title":{"rendered":"69 Zoll Standdisplay"},"content":{"rendered":"<div data-elementor-type=\"wp-page\" data-elementor-id=\"1120\" class=\"elementor elementor-1120\" data-elementor-post-type=\"page\">\n\t\t\t\t<div class=\"elementor-element elementor-element-f22d237 e-flex e-con-boxed e-con e-parent\" data-id=\"f22d237\" data-element_type=\"container\" data-e-type=\"container\">\n\t\t\t\t\t<div class=\"e-con-inner\">\n\t\t<div class=\"elementor-element elementor-element-792cb8e e-con-full e-flex e-con e-child\" data-id=\"792cb8e\" data-element_type=\"container\" data-e-type=\"container\">\n\t\t\t\t<div class=\"elementor-element elementor-element-ac98ec1 elementor-widget elementor-widget-heading\" data-id=\"ac98ec1\" data-element_type=\"widget\" data-e-type=\"widget\" data-widget_type=\"heading.default\">\n\t\t\t\t<div class=\"elementor-widget-container\">\n\t\t\t\t\t<h2 class=\"elementor-heading-title elementor-size-default\">69 Zoll Standdisplay<\/h2>\t\t\t\t<\/div>\n\t\t\t\t<\/div>\n\t\t\t\t<div class=\"elementor-element elementor-element-9ab6c1d elementor-widget elementor-widget-text-editor\" data-id=\"9ab6c1d\" data-element_type=\"widget\" data-e-type=\"widget\" data-widget_type=\"text-editor.default\">\n\t\t\t\t<div class=\"elementor-widget-container\">\n\t\t\t\t\t\t\t\t\t<p><b>ViWaTEC 69 Zoll Standdisplay\u00a0<\/b><\/p><p>Unser Bildschirm hat eine aktive Display Fl\u00e4che von 1636mm(H)x 634mm (B) mit einer Aufl\u00f6sung von 3840&#215;1488 Bildpunkten<\/p><ul><li>Geh\u00e4use ist aus Pulverbeschichteten Stahl<\/li><li>4mm speziell geh\u00e4rtetes kratzfestes Glass<\/li><li>Polierte Aluminium Profil Kanten<\/li><li>Stabiler Stand Fu\u00df aus Stahl<\/li><li>Helligkeit 350nits<\/li><li>Contrast Ratio (Typisch) 1200:1<\/li><li>HDMI in<\/li><li>AC Input 100V-240V, 50-60Hz<\/li><li>Life Time &gt;50000 Stunden<\/li><li>Betriebstemperatur -10\u00b0C bis 50\u00b0C \/0% bis 90% Luftfeuchte<\/li><li>Netzschalter<\/li><li>Ready for ViWaTEC Secure<\/li><li>VDE, CE, IEC61000<\/li><\/ul>\t\t\t\t\t\t\t\t<\/div>\n\t\t\t\t<\/div>\n\t\t\t\t<\/div>\n\t\t<div class=\"elementor-element elementor-element-bca887c e-con-full e-flex e-con e-child\" data-id=\"bca887c\" data-element_type=\"container\" data-e-type=\"container\">\n\t\t\t\t<div class=\"elementor-element elementor-element-825868c elementor-widget elementor-widget-image\" data-id=\"825868c\" data-element_type=\"widget\" data-e-type=\"widget\" data-widget_type=\"image.default\">\n\t\t\t\t<div class=\"elementor-widget-container\">\n\t\t\t\t\t\t\t\t\t\t\t\t\t\t\t<img fetchpriority=\"high\" decoding=\"async\" width=\"1409\" height=\"2324\" src=\"https:\/\/viwatec.de\/wp-content\/uploads\/2025\/01\/69inch-poster-3-frei.png\" class=\"attachment-full size-full wp-image-1491\" alt=\"\" srcset=\"https:\/\/viwatec.de\/wp-content\/uploads\/2025\/01\/69inch-poster-3-frei.png 1409w, https:\/\/viwatec.de\/wp-content\/uploads\/2025\/01\/69inch-poster-3-frei-600x990.png 600w, https:\/\/viwatec.de\/wp-content\/uploads\/2025\/01\/69inch-poster-3-frei-182x300.png 182w, https:\/\/viwatec.de\/wp-content\/uploads\/2025\/01\/69inch-poster-3-frei-621x1024.png 621w, https:\/\/viwatec.de\/wp-content\/uploads\/2025\/01\/69inch-poster-3-frei-768x1267.png 768w, https:\/\/viwatec.de\/wp-content\/uploads\/2025\/01\/69inch-poster-3-frei-931x1536.png 931w, https:\/\/viwatec.de\/wp-content\/uploads\/2025\/01\/69inch-poster-3-frei-1242x2048.png 1242w, https:\/\/viwatec.de\/wp-content\/uploads\/2025\/01\/69inch-poster-3-frei-7x12.png 7w\" sizes=\"(max-width: 1409px) 100vw, 1409px\" \/>\t\t\t\t\t\t\t\t\t\t\t\t\t\t\t<\/div>\n\t\t\t\t<\/div>\n\t\t\t\t<\/div>\n\t\t\t\t\t<\/div>\n\t\t\t\t<\/div>\n\t\t<div class=\"elementor-element elementor-element-952edca e-flex e-con-boxed e-con e-parent\" data-id=\"952edca\" data-element_type=\"container\" data-e-type=\"container\">\n\t\t\t\t\t<div class=\"e-con-inner\">\n\t\t<div class=\"elementor-element elementor-element-69d2ce6 e-grid e-con-full e-con e-child\" data-id=\"69d2ce6\" data-element_type=\"container\" data-e-type=\"container\">\n\t\t\t\t<div class=\"elementor-element elementor-element-12fce7f elementor-widget elementor-widget-image\" data-id=\"12fce7f\" data-element_type=\"widget\" data-e-type=\"widget\" data-widget_type=\"image.default\">\n\t\t\t\t<div class=\"elementor-widget-container\">\n\t\t\t\t\t\t\t\t\t\t\t\t\t\t\t<img decoding=\"async\" width=\"196\" height=\"487\" src=\"https:\/\/viwatec.de\/wp-content\/uploads\/2025\/01\/Poster1.png\" class=\"attachment-full size-full wp-image-1383\" alt=\"\" srcset=\"https:\/\/viwatec.de\/wp-content\/uploads\/2025\/01\/Poster1.png 196w, https:\/\/viwatec.de\/wp-content\/uploads\/2025\/01\/Poster1-121x300.png 121w, https:\/\/viwatec.de\/wp-content\/uploads\/2025\/01\/Poster1-5x12.png 5w\" sizes=\"(max-width: 196px) 100vw, 196px\" \/>\t\t\t\t\t\t\t\t\t\t\t\t\t\t\t<\/div>\n\t\t\t\t<\/div>\n\t\t\t\t<div class=\"elementor-element elementor-element-2193bdf elementor-widget elementor-widget-image\" data-id=\"2193bdf\" data-element_type=\"widget\" data-e-type=\"widget\" data-widget_type=\"image.default\">\n\t\t\t\t<div class=\"elementor-widget-container\">\n\t\t\t\t\t\t\t\t\t\t\t\t\t\t\t<img decoding=\"async\" width=\"168\" height=\"444\" src=\"https:\/\/viwatec.de\/wp-content\/uploads\/2025\/01\/Poster3.png\" class=\"attachment-full size-full wp-image-1385\" alt=\"\" srcset=\"https:\/\/viwatec.de\/wp-content\/uploads\/2025\/01\/Poster3.png 168w, https:\/\/viwatec.de\/wp-content\/uploads\/2025\/01\/Poster3-114x300.png 114w, https:\/\/viwatec.de\/wp-content\/uploads\/2025\/01\/Poster3-5x12.png 5w\" sizes=\"(max-width: 168px) 100vw, 168px\" \/>\t\t\t\t\t\t\t\t\t\t\t\t\t\t\t<\/div>\n\t\t\t\t<\/div>\n\t\t\t\t<div class=\"elementor-element elementor-element-142cbee elementor-widget elementor-widget-image\" data-id=\"142cbee\" data-element_type=\"widget\" data-e-type=\"widget\" data-widget_type=\"image.default\">\n\t\t\t\t<div class=\"elementor-widget-container\">\n\t\t\t\t\t\t\t\t\t\t\t\t\t\t\t<img loading=\"lazy\" decoding=\"async\" width=\"180\" height=\"479\" src=\"https:\/\/viwatec.de\/wp-content\/uploads\/2025\/01\/Poster2.png\" class=\"attachment-full size-full wp-image-1384\" alt=\"\" srcset=\"https:\/\/viwatec.de\/wp-content\/uploads\/2025\/01\/Poster2.png 180w, https:\/\/viwatec.de\/wp-content\/uploads\/2025\/01\/Poster2-113x300.png 113w, https:\/\/viwatec.de\/wp-content\/uploads\/2025\/01\/Poster2-5x12.png 5w\" sizes=\"(max-width: 180px) 100vw, 180px\" \/>\t\t\t\t\t\t\t\t\t\t\t\t\t\t\t<\/div>\n\t\t\t\t<\/div>\n\t\t\t\t<\/div>\n\t\t\t\t\t<\/div>\n\t\t\t\t<\/div>\n\t\t\t\t<\/div>","protected":false},"excerpt":{"rendered":"<p>69 Zoll Standdisplay ViWaTEC 69 Zoll Standdisplay\u00a0 Unser Bildschirm hat eine aktive Display Fl\u00e4che von 1636mm(H)x 634mm (B) mit einer Aufl\u00f6sung von 3840&#215;1488 Bildpunkten Geh\u00e4use ist aus Pulverbeschichteten Stahl 4mm speziell geh\u00e4rtetes kratzfestes Glass Polierte Aluminium Profil Kanten Stabiler Stand Fu\u00df aus Stahl Helligkeit 350nits Contrast Ratio (Typisch) 1200:1 HDMI in AC Input 100V-240V, 50-60Hz [&hellip;]<\/p>\n","protected":false},"author":1,"featured_media":0,"parent":0,"menu_order":0,"comment_status":"closed","ping_status":"closed","template":"","meta":{"footnotes":""},"class_list":["post-1120","page","type-page","status-publish","hentry"],"_links":{"self":[{"href":"https:\/\/viwatec.de\/en\/wp-json\/wp\/v2\/pages\/1120","targetHints":{"allow":["GET"]}}],"collection":[{"href":"https:\/\/viwatec.de\/en\/wp-json\/wp\/v2\/pages"}],"about":[{"href":"https:\/\/viwatec.de\/en\/wp-json\/wp\/v2\/types\/page"}],"author":[{"embeddable":true,"href":"https:\/\/viwatec.de\/en\/wp-json\/wp\/v2\/users\/1"}],"replies":[{"embeddable":true,"href":"https:\/\/viwatec.de\/en\/wp-json\/wp\/v2\/comments?post=1120"}],"version-history":[{"count":53,"href":"https:\/\/viwatec.de\/en\/wp-json\/wp\/v2\/pages\/1120\/revisions"}],"predecessor-version":[{"id":2018,"href":"https:\/\/viwatec.de\/en\/wp-json\/wp\/v2\/pages\/1120\/revisions\/2018"}],"wp:attachment":[{"href":"https:\/\/viwatec.de\/en\/wp-json\/wp\/v2\/media?parent=1120"}],"curies":[{"name":"wp","href":"https:\/\/api.w.org\/{rel}","templated":true}]}}