{"id":1109,"date":"2025-01-17T09:40:03","date_gmt":"2025-01-17T08:40:03","guid":{"rendered":"https:\/\/viwatec.de\/?page_id=1109"},"modified":"2025-10-07T08:21:58","modified_gmt":"2025-10-07T06:21:58","slug":"viwatec-secure","status":"publish","type":"page","link":"https:\/\/viwatec.de\/en\/viwatec-secure\/","title":{"rendered":"ViWaTEC Secure"},"content":{"rendered":"<div data-elementor-type=\"wp-page\" data-elementor-id=\"1109\" class=\"elementor elementor-1109\" data-elementor-post-type=\"page\">\n\t\t\t\t<div class=\"elementor-element elementor-element-a257dd2 e-flex e-con-boxed e-con e-parent\" data-id=\"a257dd2\" data-element_type=\"container\" data-e-type=\"container\">\n\t\t\t\t\t<div class=\"e-con-inner\">\n\t\t<div class=\"elementor-element elementor-element-5a19671 e-con-full e-flex e-con e-child\" data-id=\"5a19671\" data-element_type=\"container\" data-e-type=\"container\">\n\t\t\t\t<div class=\"elementor-element elementor-element-58952ae elementor-widget__width-initial elementor-widget elementor-widget-heading\" data-id=\"58952ae\" data-element_type=\"widget\" data-e-type=\"widget\" data-widget_type=\"heading.default\">\n\t\t\t\t<div class=\"elementor-widget-container\">\n\t\t\t\t\t<h2 class=\"elementor-heading-title elementor-size-default\">ViWaTEC Secure<\/h2>\t\t\t\t<\/div>\n\t\t\t\t<\/div>\n\t\t\t\t<div class=\"elementor-element elementor-element-83453fc elementor-widget__width-initial elementor-widget elementor-widget-image\" data-id=\"83453fc\" data-element_type=\"widget\" data-e-type=\"widget\" data-widget_type=\"image.default\">\n\t\t\t\t<div class=\"elementor-widget-container\">\n\t\t\t\t\t\t\t\t\t\t\t\t\t\t\t<img decoding=\"async\" width=\"150\" height=\"44\" src=\"https:\/\/viwatec.de\/wp-content\/uploads\/2025\/01\/viwatec_secure_klein-150x44.png\" class=\"attachment-thumbnail size-thumbnail wp-image-1142\" alt=\"\" srcset=\"https:\/\/viwatec.de\/wp-content\/uploads\/2025\/01\/viwatec_secure_klein-150x44.png 150w, https:\/\/viwatec.de\/wp-content\/uploads\/2025\/01\/viwatec_secure_klein-18x5.png 18w, https:\/\/viwatec.de\/wp-content\/uploads\/2025\/01\/viwatec_secure_klein.png 155w\" sizes=\"(max-width: 150px) 100vw, 150px\" \/>\t\t\t\t\t\t\t\t\t\t\t\t\t\t\t<\/div>\n\t\t\t\t<\/div>\n\t\t\t\t<div class=\"elementor-element elementor-element-f1cce5f elementor-widget elementor-widget-text-editor\" data-id=\"f1cce5f\" data-element_type=\"widget\" data-e-type=\"widget\" data-widget_type=\"text-editor.default\">\n\t\t\t\t<div class=\"elementor-widget-container\">\n\t\t\t\t\t\t\t\t\t<h5><strong>Viwatec-Secure ist eine sichere und einfache L\u00f6sung zur weltweiten Wiedergabe von Bild-, Audio- und Videomaterial<\/strong><b>. <\/b><\/h5><p>Mit ViWaTEC Secure loggen Sie sich in Ihre pers\u00f6nliche Media-Managment-Welt ein. Die \u00dcbertragung Ihrer Medien wird unter Ber\u00fccksichtigung des <b>European <\/b><b>Cyber<\/b> <b>Resilience<\/b><b> Act (CRA) <\/b>in ViWaTEC Secure gemanagt und \u00fcbertragen.<\/p><p>Der European Cyber \u200b\u200bResilience Act ist ein Rechtsrahmen, der die Cybersicherheitsanforderungen f\u00fcr Hardware- und Softwareprodukte mit digitalen Elementen beschreibt, die in der Europ\u00e4ischen Union auf den Markt gebracht werden.<\/p>\t\t\t\t\t\t\t\t<\/div>\n\t\t\t\t<\/div>\n\t\t\t\t<div class=\"elementor-element elementor-element-4749e10 elementor-widget elementor-widget-image\" data-id=\"4749e10\" data-element_type=\"widget\" data-e-type=\"widget\" data-widget_type=\"image.default\">\n\t\t\t\t<div class=\"elementor-widget-container\">\n\t\t\t\t\t\t\t\t\t\t\t\t\t\t\t<img fetchpriority=\"high\" decoding=\"async\" width=\"636\" height=\"328\" src=\"https:\/\/viwatec.de\/wp-content\/uploads\/2025\/01\/secure1_1.jpg\" class=\"attachment-full size-full wp-image-1311\" alt=\"\" srcset=\"https:\/\/viwatec.de\/wp-content\/uploads\/2025\/01\/secure1_1.jpg 636w, https:\/\/viwatec.de\/wp-content\/uploads\/2025\/01\/secure1_1-600x309.jpg 600w, https:\/\/viwatec.de\/wp-content\/uploads\/2025\/01\/secure1_1-300x155.jpg 300w, https:\/\/viwatec.de\/wp-content\/uploads\/2025\/01\/secure1_1-18x9.jpg 18w\" sizes=\"(max-width: 636px) 100vw, 636px\" \/>\t\t\t\t\t\t\t\t\t\t\t\t\t\t\t<\/div>\n\t\t\t\t<\/div>\n\t\t\t\t<div class=\"elementor-element elementor-element-679765e elementor-widget elementor-widget-text-editor\" data-id=\"679765e\" data-element_type=\"widget\" data-e-type=\"widget\" data-widget_type=\"text-editor.default\">\n\t\t\t\t<div class=\"elementor-widget-container\">\n\t\t\t\t\t\t\t\t\t<p>Nach dem einloggen laden Sie Ihre Medien in die ViWaTEC Secure Welt. Dabei werden Ihre Medien schon mit Sicherheit Features versehen. Mit den hochgeladenen Bilder, Videos oder Audio Daten erstellen Sie Ihre <b>individuelle Playliste<\/b>. Die Playlisten werden den <b>ViWaTEC Secure Hardware Ger\u00e4ten<\/b> zugeordnet. Das ViWaTEC Secure Ger\u00e4te ist mit dem Kundenkonto verbunden und verschl\u00fcsselt. Nur die Medien im Kundenkonto k\u00f6nnen mit dem dementsprechenden ViWaTEC Secure Ger\u00e4t entschl\u00fcsselt und abgespielt werden. Dabei werden die Medien so \u00fcbertragen das es nicht m\u00f6glich ist diese zu modifizieren oder nicht autorisierte Medien abzuspielen.\u00a0\u00a0\u00a0\u00a0\u00a0\u00a0\u00a0\u00a0<\/p>\t\t\t\t\t\t\t\t<\/div>\n\t\t\t\t<\/div>\n\t\t\t\t<div class=\"elementor-element elementor-element-b63b9e1 elementor-widget elementor-widget-image\" data-id=\"b63b9e1\" data-element_type=\"widget\" data-e-type=\"widget\" data-widget_type=\"image.default\">\n\t\t\t\t<div class=\"elementor-widget-container\">\n\t\t\t\t\t\t\t\t\t\t\t\t\t\t\t<img decoding=\"async\" width=\"652\" height=\"365\" src=\"https:\/\/viwatec.de\/wp-content\/uploads\/2025\/01\/secure2.png\" class=\"attachment-full size-full wp-image-1312\" alt=\"\" srcset=\"https:\/\/viwatec.de\/wp-content\/uploads\/2025\/01\/secure2.png 652w, https:\/\/viwatec.de\/wp-content\/uploads\/2025\/01\/secure2-600x336.png 600w, https:\/\/viwatec.de\/wp-content\/uploads\/2025\/01\/secure2-300x168.png 300w, https:\/\/viwatec.de\/wp-content\/uploads\/2025\/01\/secure2-18x10.png 18w\" sizes=\"(max-width: 652px) 100vw, 652px\" \/>\t\t\t\t\t\t\t\t\t\t\t\t\t\t\t<\/div>\n\t\t\t\t<\/div>\n\t\t\t\t<div class=\"elementor-element elementor-element-ece55d6 elementor-widget elementor-widget-text-editor\" data-id=\"ece55d6\" data-element_type=\"widget\" data-e-type=\"widget\" data-widget_type=\"text-editor.default\">\n\t\t\t\t<div class=\"elementor-widget-container\">\n\t\t\t\t\t\t\t\t\t<p>Alle Medien lassen sich jeder Zeit im ViWaTEC Secure Browser abspielen und auch wieder downloaden. Ein <b>Mitarbeiter Managment <\/b>regelt den Zugang und Berechtigungen der Mitarbeitern und auch Dienstleistern individuell f\u00fcr jeden Kunden Account. Es k\u00f6nnen beliebig viele ViWaTEC Secure Ger\u00e4te gemanagt werden und auch parallel an unterschiedlichen Standorten betrieben werden. Dabei melden alle Ger\u00e4te ihren <b>Life Status <\/b>unter anderen LAN oder WLAN Signal, Fehlermeldungen, Software Status und alle Paylisten Details.<\/p><p>Ein <b>Power Managment <\/b>schaltet die Spannungsversorgung der Medien Ger\u00e4te (TV, LCD-, LED Bildschirme, Audio Systeme). Dieses verhindert unn\u00f6tige Energiekosten an Zeiten wo keine Medien abgespielt werden.<\/p><p>Die ViWaTEC Secure Web Oberfl\u00e4che l\u00e4sst sich auf dem Desktop, Tablet und Mobile bedienen. Die Web Oberfl\u00e4che ist in deutscher Sprache und auf Benutzerfreundlichkeit ausgelegt.<\/p><p>Zur Installation und Inbetriebnahme von ViWaTEC Secure werden <b>keine <\/b><b>IT Kenntnisse<\/b><b> ben\u00f6tigt<\/b>. Nach Einrichtung der Internet Verbindung der ViWaTEC Secure Ger\u00e4te mit LAN oder WiFi werden keine weiteren Einstellungen ben\u00f6tigt.<\/p>\t\t\t\t\t\t\t\t<\/div>\n\t\t\t\t<\/div>\n\t\t\t\t<\/div>\n\t\t<div class=\"elementor-element elementor-element-8d1e13c e-con-full e-flex e-con e-child\" data-id=\"8d1e13c\" data-element_type=\"container\" data-e-type=\"container\">\n\t\t\t\t<div class=\"elementor-element elementor-element-7295f55 elementor-widget elementor-widget-image\" data-id=\"7295f55\" data-element_type=\"widget\" data-e-type=\"widget\" data-widget_type=\"image.default\">\n\t\t\t\t<div class=\"elementor-widget-container\">\n\t\t\t\t\t\t\t\t\t\t\t\t\t\t\t<img loading=\"lazy\" decoding=\"async\" width=\"800\" height=\"462\" src=\"https:\/\/viwatec.de\/wp-content\/uploads\/2025\/02\/USRA.png\" class=\"attachment-large size-large wp-image-1597\" alt=\"\" srcset=\"https:\/\/viwatec.de\/wp-content\/uploads\/2025\/02\/USRA.png 887w, https:\/\/viwatec.de\/wp-content\/uploads\/2025\/02\/USRA-600x346.png 600w, https:\/\/viwatec.de\/wp-content\/uploads\/2025\/02\/USRA-300x173.png 300w, https:\/\/viwatec.de\/wp-content\/uploads\/2025\/02\/USRA-768x443.png 768w, https:\/\/viwatec.de\/wp-content\/uploads\/2025\/02\/USRA-18x10.png 18w\" sizes=\"(max-width: 800px) 100vw, 800px\" \/>\t\t\t\t\t\t\t\t\t\t\t\t\t\t\t<\/div>\n\t\t\t\t<\/div>\n\t\t\t\t<div class=\"elementor-element elementor-element-9802b0a elementor-widget elementor-widget-image\" data-id=\"9802b0a\" data-element_type=\"widget\" data-e-type=\"widget\" data-widget_type=\"image.default\">\n\t\t\t\t<div class=\"elementor-widget-container\">\n\t\t\t\t\t\t\t\t\t\t\t\t\t\t\t<img loading=\"lazy\" decoding=\"async\" width=\"98\" height=\"72\" src=\"https:\/\/viwatec.de\/wp-content\/uploads\/2025\/02\/Signal-.png\" class=\"attachment-large size-large wp-image-1592\" alt=\"\" srcset=\"https:\/\/viwatec.de\/wp-content\/uploads\/2025\/02\/Signal-.png 98w, https:\/\/viwatec.de\/wp-content\/uploads\/2025\/02\/Signal--16x12.png 16w\" sizes=\"(max-width: 98px) 100vw, 98px\" \/>\t\t\t\t\t\t\t\t\t\t\t\t\t\t\t<\/div>\n\t\t\t\t<\/div>\n\t\t\t\t<div class=\"elementor-element elementor-element-e6b4bd6 elementor-widget elementor-widget-image\" data-id=\"e6b4bd6\" data-element_type=\"widget\" data-e-type=\"widget\" data-widget_type=\"image.default\">\n\t\t\t\t<div class=\"elementor-widget-container\">\n\t\t\t\t\t\t\t\t\t\t\t\t\t\t\t<img loading=\"lazy\" decoding=\"async\" width=\"800\" height=\"662\" src=\"https:\/\/viwatec.de\/wp-content\/uploads\/2025\/10\/viwatec_secure_geraet-1024x847.jpg\" class=\"attachment-large size-large wp-image-2055\" alt=\"\" srcset=\"https:\/\/viwatec.de\/wp-content\/uploads\/2025\/10\/viwatec_secure_geraet-1024x847.jpg 1024w, https:\/\/viwatec.de\/wp-content\/uploads\/2025\/10\/viwatec_secure_geraet-300x248.jpg 300w, https:\/\/viwatec.de\/wp-content\/uploads\/2025\/10\/viwatec_secure_geraet-768x635.jpg 768w, https:\/\/viwatec.de\/wp-content\/uploads\/2025\/10\/viwatec_secure_geraet-1536x1270.jpg 1536w, https:\/\/viwatec.de\/wp-content\/uploads\/2025\/10\/viwatec_secure_geraet-15x12.jpg 15w, https:\/\/viwatec.de\/wp-content\/uploads\/2025\/10\/viwatec_secure_geraet-600x496.jpg 600w, https:\/\/viwatec.de\/wp-content\/uploads\/2025\/10\/viwatec_secure_geraet.jpg 1600w\" sizes=\"(max-width: 800px) 100vw, 800px\" \/>\t\t\t\t\t\t\t\t\t\t\t\t\t\t\t<\/div>\n\t\t\t\t<\/div>\n\t\t\t\t<div class=\"elementor-element elementor-element-2420feb elementor-widget elementor-widget-image\" data-id=\"2420feb\" data-element_type=\"widget\" data-e-type=\"widget\" data-widget_type=\"image.default\">\n\t\t\t\t<div class=\"elementor-widget-container\">\n\t\t\t\t\t\t\t\t\t\t\t\t\t\t\t<img loading=\"lazy\" decoding=\"async\" width=\"333\" height=\"318\" src=\"https:\/\/viwatec.de\/wp-content\/uploads\/2025\/02\/Stecker.png\" class=\"attachment-large size-large wp-image-1590\" alt=\"\" srcset=\"https:\/\/viwatec.de\/wp-content\/uploads\/2025\/02\/Stecker.png 333w, https:\/\/viwatec.de\/wp-content\/uploads\/2025\/02\/Stecker-300x286.png 300w, https:\/\/viwatec.de\/wp-content\/uploads\/2025\/02\/Stecker-13x12.png 13w\" sizes=\"(max-width: 333px) 100vw, 333px\" \/>\t\t\t\t\t\t\t\t\t\t\t\t\t\t\t<\/div>\n\t\t\t\t<\/div>\n\t\t\t\t<div class=\"elementor-element elementor-element-550f1fd elementor-widget__width-initial elementor-widget elementor-widget-image\" data-id=\"550f1fd\" data-element_type=\"widget\" data-e-type=\"widget\" data-widget_type=\"image.default\">\n\t\t\t\t<div class=\"elementor-widget-container\">\n\t\t\t\t\t\t\t\t\t\t\t\t\t\t\t<img loading=\"lazy\" decoding=\"async\" width=\"949\" height=\"2308\" src=\"https:\/\/viwatec.de\/wp-content\/uploads\/2025\/02\/69inch-poster-3-ausgeschnitten-HD.png\" class=\"attachment-full size-full wp-image-1591\" alt=\"\" srcset=\"https:\/\/viwatec.de\/wp-content\/uploads\/2025\/02\/69inch-poster-3-ausgeschnitten-HD.png 949w, https:\/\/viwatec.de\/wp-content\/uploads\/2025\/02\/69inch-poster-3-ausgeschnitten-HD-600x1459.png 600w, https:\/\/viwatec.de\/wp-content\/uploads\/2025\/02\/69inch-poster-3-ausgeschnitten-HD-123x300.png 123w, https:\/\/viwatec.de\/wp-content\/uploads\/2025\/02\/69inch-poster-3-ausgeschnitten-HD-421x1024.png 421w, https:\/\/viwatec.de\/wp-content\/uploads\/2025\/02\/69inch-poster-3-ausgeschnitten-HD-768x1868.png 768w, https:\/\/viwatec.de\/wp-content\/uploads\/2025\/02\/69inch-poster-3-ausgeschnitten-HD-632x1536.png 632w, https:\/\/viwatec.de\/wp-content\/uploads\/2025\/02\/69inch-poster-3-ausgeschnitten-HD-842x2048.png 842w, https:\/\/viwatec.de\/wp-content\/uploads\/2025\/02\/69inch-poster-3-ausgeschnitten-HD-5x12.png 5w\" sizes=\"(max-width: 949px) 100vw, 949px\" \/>\t\t\t\t\t\t\t\t\t\t\t\t\t\t\t<\/div>\n\t\t\t\t<\/div>\n\t\t\t\t<\/div>\n\t\t\t\t\t<\/div>\n\t\t\t\t<\/div>\n\t\t\t\t<\/div>","protected":false},"excerpt":{"rendered":"<p>ViWaTEC Secure Viwatec-Secure ist eine sichere und einfache L\u00f6sung zur weltweiten Wiedergabe von Bild-, Audio- und Videomaterial. Mit ViWaTEC Secure loggen Sie sich in Ihre pers\u00f6nliche Media-Managment-Welt ein. Die \u00dcbertragung Ihrer Medien wird unter Ber\u00fccksichtigung des European Cyber Resilience Act (CRA) in ViWaTEC Secure gemanagt und \u00fcbertragen. Der European Cyber \u200b\u200bResilience Act ist ein Rechtsrahmen, [&hellip;]<\/p>\n","protected":false},"author":1,"featured_media":0,"parent":0,"menu_order":0,"comment_status":"closed","ping_status":"closed","template":"","meta":{"footnotes":""},"class_list":["post-1109","page","type-page","status-publish","hentry"],"_links":{"self":[{"href":"https:\/\/viwatec.de\/en\/wp-json\/wp\/v2\/pages\/1109","targetHints":{"allow":["GET"]}}],"collection":[{"href":"https:\/\/viwatec.de\/en\/wp-json\/wp\/v2\/pages"}],"about":[{"href":"https:\/\/viwatec.de\/en\/wp-json\/wp\/v2\/types\/page"}],"author":[{"embeddable":true,"href":"https:\/\/viwatec.de\/en\/wp-json\/wp\/v2\/users\/1"}],"replies":[{"embeddable":true,"href":"https:\/\/viwatec.de\/en\/wp-json\/wp\/v2\/comments?post=1109"}],"version-history":[{"count":97,"href":"https:\/\/viwatec.de\/en\/wp-json\/wp\/v2\/pages\/1109\/revisions"}],"predecessor-version":[{"id":2058,"href":"https:\/\/viwatec.de\/en\/wp-json\/wp\/v2\/pages\/1109\/revisions\/2058"}],"wp:attachment":[{"href":"https:\/\/viwatec.de\/en\/wp-json\/wp\/v2\/media?parent=1109"}],"curies":[{"name":"wp","href":"https:\/\/api.w.org\/{rel}","templated":true}]}}